{"id":17,"date":"2024-03-17T13:30:54","date_gmt":"2024-03-17T12:30:54","guid":{"rendered":"https:\/\/poissonfarioselle.fr\/?page_id=17"},"modified":"2024-03-17T14:50:20","modified_gmt":"2024-03-17T13:50:20","slug":"le-parcours","status":"publish","type":"page","link":"https:\/\/poissonfarioselle.fr\/index.php\/le-parcours\/","title":{"rendered":"Le parcours"},"content":{"rendered":"\n<p>Sur les communes de Le Cateau Cambr\u00e9sis et Montay dans le Nord 59&nbsp;le&nbsp;parcours s&rsquo;\u00e9tend sur 7 kms. &nbsp; &nbsp; &nbsp; &nbsp; &nbsp;&nbsp;La limite en amont se situe au lieudit Pont \u00e0&nbsp;Capelle \u00e0 Le Cateau et la limite aval se situe&nbsp;au droit du cimeti\u00e8re des Anglais \u00e0 Montay en direction de&nbsp;Neuvilly.<br>Celui-ci conporte une&nbsp;r\u00e9serve&nbsp;mat\u00e9rialis\u00e9e&nbsp;en rouge<\/p>\n\n\n\n<h5 class=\"wp-block-heading\">Cliquez Sur Le Lien Ci-Dessous Pour D\u00e9couvrir La Carte Du Parcours<\/h5>\n\n\n\n<p><strong><a href=\"https:\/\/www.google.com\/maps\/d\/edit?mid=znaBZ6J0mEOM.k19NiuG31HpM\">parcours<\/a><\/strong><\/p>\n","protected":false},"excerpt":{"rendered":"<p>Sur les communes de Le Cateau Cambr\u00e9sis et Montay dans le Nord 59&nbsp;le&nbsp;parcours s&rsquo;\u00e9tend sur 7 kms. &nbsp; &nbsp; &nbsp; &nbsp; &nbsp;&nbsp;La limite en amont se situe au lieudit Pont \u00e0&nbsp;Capelle \u00e0 Le Cateau et la limite aval se situe&nbsp;au droit du cimeti\u00e8re des Anglais \u00e0 Montay en direction de&nbsp;Neuvilly.Celui-ci conporte une&nbsp;r\u00e9serve&nbsp;mat\u00e9rialis\u00e9e&nbsp;en rouge Cliquez Sur&hellip; <a class=\"more-link\" href=\"https:\/\/poissonfarioselle.fr\/index.php\/le-parcours\/\">Poursuivre la lecture <span class=\"screen-reader-text\">Le parcours<\/span><\/a><\/p>\n","protected":false},"author":1,"featured_media":0,"parent":0,"menu_order":0,"comment_status":"closed","ping_status":"closed","template":"","meta":{"footnotes":""},"class_list":["post-17","page","type-page","status-publish","hentry","entry"],"_links":{"self":[{"href":"https:\/\/poissonfarioselle.fr\/index.php\/wp-json\/wp\/v2\/pages\/17","targetHints":{"allow":["GET"]}}],"collection":[{"href":"https:\/\/poissonfarioselle.fr\/index.php\/wp-json\/wp\/v2\/pages"}],"about":[{"href":"https:\/\/poissonfarioselle.fr\/index.php\/wp-json\/wp\/v2\/types\/page"}],"author":[{"embeddable":true,"href":"https:\/\/poissonfarioselle.fr\/index.php\/wp-json\/wp\/v2\/users\/1"}],"replies":[{"embeddable":true,"href":"https:\/\/poissonfarioselle.fr\/index.php\/wp-json\/wp\/v2\/comments?post=17"}],"version-history":[{"count":5,"href":"https:\/\/poissonfarioselle.fr\/index.php\/wp-json\/wp\/v2\/pages\/17\/revisions"}],"predecessor-version":[{"id":277,"href":"https:\/\/poissonfarioselle.fr\/index.php\/wp-json\/wp\/v2\/pages\/17\/revisions\/277"}],"wp:attachment":[{"href":"https:\/\/poissonfarioselle.fr\/index.php\/wp-json\/wp\/v2\/media?parent=17"}],"curies":[{"name":"wp","href":"https:\/\/api.w.org\/{rel}","templated":true}]}}