{"id":19,"date":"2024-03-17T13:31:08","date_gmt":"2024-03-17T12:31:08","guid":{"rendered":"https:\/\/poissonfarioselle.fr\/?page_id=19"},"modified":"2026-02-24T10:45:02","modified_gmt":"2026-02-24T09:45:02","slug":"cartes-de-peche","status":"publish","type":"page","link":"https:\/\/poissonfarioselle.fr\/index.php\/cartes-de-peche\/","title":{"rendered":"Cartes de p\u00eache"},"content":{"rendered":"\n<h3 class=\"wp-block-heading\">Choisissez dans la liste ci-dessous la&nbsp;carte de p\u00eache correspondant le mieux \u00e0&nbsp;votre pratique et cliquez sur ce lien pour acc\u00e9der sur le site de la f\u00e9d\u00e9ration.&nbsp;<\/h3>\n\n\n\n<h3 class=\"wp-block-heading\"><a href=\"http:\/\/www.cartedepeche.fr\/ID_ASSOCIATION\/2356\/215-liste-des-cartes.htm\">Cartes F\u00e9d\u00e9ration<\/a><\/h3>\n\n\n\n<h3 class=\"wp-block-heading\"><br>Vous pouvez \u00e9galement vous rendre chez un de nos d\u00e9positaires qui se chargera de vous l&rsquo;\u00e9tablir.<\/h3>\n\n\n\n<h2 class=\"wp-block-heading\"><br><strong>Cartes Annuelles 202<\/strong>6<\/h2>\n\n\n\n<h4 class=\"wp-block-heading\">Personne Majeure Interf\u00e9d\u00e9rale URNE \u00a0 \u00a0 114\u00a0Euros<\/h4>\n\n\n\n<h4 class=\"wp-block-heading\">Personne Majeure \u00a0 \u00a0 \u00a0 \u00a0 \u00a0 \u00a0 \u00a0 \u00a0 \u00a0 \u00a0 \u00a0 \u00a0 \u00a0 \u00a0 \u00a0 \u00a0 \u00a0 \u00a0 83\u00a0Euros<\/h4>\n\n\n\n<h4 class=\"wp-block-heading\">Personne Mineure moins de 18 ans \u00a0 \u00a0 \u00a0 \u00a0 \u00a0 \u00a0 \u00a020\u00a0Euros<\/h4>\n\n\n\n<h4 class=\"wp-block-heading\">Personne Mineure moins de 12 ans \u00a0 \u00a0 \u00a0 \u00a0 \u00a0 \u00a0 \u00a0 8\u00a0Euros<\/h4>\n\n\n\n<h4 class=\"wp-block-heading\">D\u00e9couverte Femme \u00a0 \u00a0 \u00a0 \u00a0 \u00a0 \u00a0 \u00a0 \u00a0 \u00a0 \u00a0 \u00a0 \u00a0 \u00a0 \u00a0 \u00a0 \u00a0 \u00a0 42\u00a0Euros<\/h4>\n\n\n\n<h4 class=\"wp-block-heading\">Vignette Urne &nbsp; &nbsp; &nbsp; &nbsp; &nbsp; &nbsp; &nbsp; &nbsp; &nbsp; &nbsp; &nbsp; &nbsp; &nbsp; &nbsp; &nbsp; &nbsp; &nbsp; &nbsp;         &nbsp; &nbsp; 40&nbsp;Euros<\/h4>\n\n\n\n<h2 class=\"wp-block-heading\">Cartes Saisonni\u00e8res<\/h2>\n\n\n\n<h4 class=\"wp-block-heading\">Carte Journali\u00e8re \u00a0 \u00a0 \u00a0 \u00a0 \u00a0 \u00a0 \u00a0 \u00a0 \u00a0 \u00a0 \u00a0 \u00a0 \u00a0 \u00a0 \u00a0 \u00a0 \u00a0 20\u00a0Euros<\/h4>\n\n\n\n<h4 class=\"wp-block-heading\">Carte hebdomadaire \u00a0 \u00a0 \u00a0 \u00a0 \u00a0 \u00a0 \u00a0 \u00a0 \u00a0 \u00a0 \u00a0 \u00a0 \u00a0 \u00a0 \u00a0 \u00a0 \u00a0 \u00a0 36,50 Euros<\/h4>\n\n\n\n<p><\/p>\n","protected":false},"excerpt":{"rendered":"<p>Choisissez dans la liste ci-dessous la&nbsp;carte de p\u00eache correspondant le mieux \u00e0&nbsp;votre pratique et cliquez sur ce lien pour acc\u00e9der sur le site de la f\u00e9d\u00e9ration.&nbsp; Cartes F\u00e9d\u00e9ration Vous pouvez \u00e9galement vous rendre chez un de nos d\u00e9positaires qui se chargera de vous l&rsquo;\u00e9tablir. Cartes Annuelles 2026 Personne Majeure Interf\u00e9d\u00e9rale URNE \u00a0 \u00a0 114\u00a0Euros Personne&hellip; <a class=\"more-link\" href=\"https:\/\/poissonfarioselle.fr\/index.php\/cartes-de-peche\/\">Poursuivre la lecture <span class=\"screen-reader-text\">Cartes de p\u00eache<\/span><\/a><\/p>\n","protected":false},"author":1,"featured_media":0,"parent":0,"menu_order":0,"comment_status":"closed","ping_status":"closed","template":"","meta":{"footnotes":""},"class_list":["post-19","page","type-page","status-publish","hentry","entry"],"_links":{"self":[{"href":"https:\/\/poissonfarioselle.fr\/index.php\/wp-json\/wp\/v2\/pages\/19","targetHints":{"allow":["GET"]}}],"collection":[{"href":"https:\/\/poissonfarioselle.fr\/index.php\/wp-json\/wp\/v2\/pages"}],"about":[{"href":"https:\/\/poissonfarioselle.fr\/index.php\/wp-json\/wp\/v2\/types\/page"}],"author":[{"embeddable":true,"href":"https:\/\/poissonfarioselle.fr\/index.php\/wp-json\/wp\/v2\/users\/1"}],"replies":[{"embeddable":true,"href":"https:\/\/poissonfarioselle.fr\/index.php\/wp-json\/wp\/v2\/comments?post=19"}],"version-history":[{"count":9,"href":"https:\/\/poissonfarioselle.fr\/index.php\/wp-json\/wp\/v2\/pages\/19\/revisions"}],"predecessor-version":[{"id":338,"href":"https:\/\/poissonfarioselle.fr\/index.php\/wp-json\/wp\/v2\/pages\/19\/revisions\/338"}],"wp:attachment":[{"href":"https:\/\/poissonfarioselle.fr\/index.php\/wp-json\/wp\/v2\/media?parent=19"}],"curies":[{"name":"wp","href":"https:\/\/api.w.org\/{rel}","templated":true}]}}