{"id":21,"date":"2024-03-17T13:31:20","date_gmt":"2024-03-17T12:31:20","guid":{"rendered":"https:\/\/poissonfarioselle.fr\/?page_id=21"},"modified":"2024-03-19T10:47:25","modified_gmt":"2024-03-19T09:47:25","slug":"les-depositaires","status":"publish","type":"page","link":"https:\/\/poissonfarioselle.fr\/index.php\/les-depositaires\/","title":{"rendered":"Les d\u00e9positaires"},"content":{"rendered":"\n<h3 class=\"wp-block-heading\">Nos d\u00e9positaires se feront un plaisir de vous \u00e9tablir votre carte de p\u00eache<\/h3>\n\n\n\n<h2 class=\"wp-block-heading\">Au petit Bouquet<br>En face de l&rsquo;\u00e9glise<br>&nbsp;Le Cateau &nbsp;59                   &nbsp;Tel : 03 27 84 51 65      &nbsp;Ferm\u00e9 le lundi<\/h2>\n\n\n\n<figure class=\"wp-block-image size-large\"><img loading=\"lazy\" decoding=\"async\" width=\"1024\" height=\"685\" src=\"https:\/\/poissonfarioselle.fr\/wp-content\/uploads\/2024\/03\/imgp1071-1024x685.jpg\" alt=\"\" class=\"wp-image-217\" srcset=\"https:\/\/poissonfarioselle.fr\/wp-content\/uploads\/2024\/03\/imgp1071-1024x685.jpg 1024w, https:\/\/poissonfarioselle.fr\/wp-content\/uploads\/2024\/03\/imgp1071-300x201.jpg 300w, https:\/\/poissonfarioselle.fr\/wp-content\/uploads\/2024\/03\/imgp1071-768x514.jpg 768w, https:\/\/poissonfarioselle.fr\/wp-content\/uploads\/2024\/03\/imgp1071-1536x1028.jpg 1536w, https:\/\/poissonfarioselle.fr\/wp-content\/uploads\/2024\/03\/imgp1071.jpg 1600w\" sizes=\"auto, (max-width: 1024px) 100vw, 1024px\" \/><\/figure>\n\n\n\n<p><a href=\"http:\/\/www.lauyan.com\/?topic-p0\">Plus&#8230;<\/a><\/p>\n\n\n\n<h3 class=\"wp-block-heading\">NJ &nbsp;Motoculture 55bis Route d\u00e9partementale 643                      Beaumont en cambr\u00e9sis &nbsp;59360 &nbsp; &nbsp;         &nbsp; Tel: 03 27 75 45 03   Ferm\u00e9 le lundi<\/h3>\n\n\n\n<figure class=\"wp-block-image size-large\"><img loading=\"lazy\" decoding=\"async\" width=\"1024\" height=\"685\" src=\"https:\/\/poissonfarioselle.fr\/wp-content\/uploads\/2024\/03\/imgp1075-1024x685.jpg\" alt=\"\" class=\"wp-image-218\" srcset=\"https:\/\/poissonfarioselle.fr\/wp-content\/uploads\/2024\/03\/imgp1075-1024x685.jpg 1024w, https:\/\/poissonfarioselle.fr\/wp-content\/uploads\/2024\/03\/imgp1075-300x201.jpg 300w, https:\/\/poissonfarioselle.fr\/wp-content\/uploads\/2024\/03\/imgp1075-768x514.jpg 768w, https:\/\/poissonfarioselle.fr\/wp-content\/uploads\/2024\/03\/imgp1075-1536x1028.jpg 1536w, https:\/\/poissonfarioselle.fr\/wp-content\/uploads\/2024\/03\/imgp1075.jpg 1600w\" sizes=\"auto, (max-width: 1024px) 100vw, 1024px\" \/><\/figure>\n\n\n\n<p><a href=\"http:\/\/www.lauyan.com\/?topic-p1\">Plus&#8230;<\/a><\/p>\n\n\n\n<p>Au magasin DECATHLON \u00e0 Cambrai.<\/p>\n\n\n\n<p>Vous pouvez \u00e9galement vous adresser en Mairie de Forest en Cambresis pour obtenir une carte ( sur rendez vous )<\/p>\n","protected":false},"excerpt":{"rendered":"<p>Nos d\u00e9positaires se feront un plaisir de vous \u00e9tablir votre carte de p\u00eache Au petit BouquetEn face de l&rsquo;\u00e9glise&nbsp;Le Cateau &nbsp;59 &nbsp;Tel : 03 27 84 51 65 &nbsp;Ferm\u00e9 le lundi Plus&#8230; NJ &nbsp;Motoculture 55bis Route d\u00e9partementale 643 Beaumont en cambr\u00e9sis &nbsp;59360 &nbsp; &nbsp; &nbsp; Tel: 03 27 75 45 03 Ferm\u00e9 le lundi Plus&#8230;&hellip; <a class=\"more-link\" href=\"https:\/\/poissonfarioselle.fr\/index.php\/les-depositaires\/\">Poursuivre la lecture <span class=\"screen-reader-text\">Les d\u00e9positaires<\/span><\/a><\/p>\n","protected":false},"author":1,"featured_media":0,"parent":0,"menu_order":0,"comment_status":"closed","ping_status":"closed","template":"","meta":{"footnotes":""},"class_list":["post-21","page","type-page","status-publish","hentry","entry"],"_links":{"self":[{"href":"https:\/\/poissonfarioselle.fr\/index.php\/wp-json\/wp\/v2\/pages\/21","targetHints":{"allow":["GET"]}}],"collection":[{"href":"https:\/\/poissonfarioselle.fr\/index.php\/wp-json\/wp\/v2\/pages"}],"about":[{"href":"https:\/\/poissonfarioselle.fr\/index.php\/wp-json\/wp\/v2\/types\/page"}],"author":[{"embeddable":true,"href":"https:\/\/poissonfarioselle.fr\/index.php\/wp-json\/wp\/v2\/users\/1"}],"replies":[{"embeddable":true,"href":"https:\/\/poissonfarioselle.fr\/index.php\/wp-json\/wp\/v2\/comments?post=21"}],"version-history":[{"count":14,"href":"https:\/\/poissonfarioselle.fr\/index.php\/wp-json\/wp\/v2\/pages\/21\/revisions"}],"predecessor-version":[{"id":311,"href":"https:\/\/poissonfarioselle.fr\/index.php\/wp-json\/wp\/v2\/pages\/21\/revisions\/311"}],"wp:attachment":[{"href":"https:\/\/poissonfarioselle.fr\/index.php\/wp-json\/wp\/v2\/media?parent=21"}],"curies":[{"name":"wp","href":"https:\/\/api.w.org\/{rel}","templated":true}]}}