{"id":25,"date":"2024-03-17T13:31:43","date_gmt":"2024-03-17T12:31:43","guid":{"rendered":"https:\/\/poissonfarioselle.fr\/?page_id=25"},"modified":"2024-03-18T16:49:44","modified_gmt":"2024-03-18T15:49:44","slug":"les-actions","status":"publish","type":"page","link":"https:\/\/poissonfarioselle.fr\/index.php\/les-actions\/","title":{"rendered":"Les actions"},"content":{"rendered":"\n<h1 class=\"wp-block-heading\">Les actions de&nbsp;notre AAPPMA<\/h1>\n\n\n\n<p>Il y a quelques ann\u00e9es nous avons constat\u00e9 la rar\u00e9faction de la truite sauvage&nbsp;sur notre parcours de Le Cateau et Montay sur la rivi\u00e8re La Selle.<\/p>\n\n\n\n<p>&nbsp;Nous avons alors pris conscience que si rien n&rsquo;\u00e9tait fait la fario pouvait&nbsp;dispara\u00eetre, pourtant la rivi\u00e8re offre une eau de qualit\u00e9e<br>et les efforts d&rsquo;une AAPPMA voisine la truite Sulpicienne nous montrent des r\u00e9sultats probants.<br>Encourag\u00e9, conseill\u00e9 et aid\u00e9 par notre f\u00e9d\u00e9ration et aussi le syndicat de la Selle nous avons dans un premier temps \u00e9tabli un plan de gestion piscicole qui d\u00e9fini les diff\u00e9rentes actions a mener. Ensuite nous avons mobilis\u00e9 les bonnes volont\u00e9s pour mener \u00e0 bien ces op\u00e9rations.<br>&#8211; Nettoyage de la rivi\u00e8re des nombreux d\u00e9tritus divers ( boites alu, bouteilles de verre, v\u00e9tements, pneus, etc&#8230; etc &#8230;)<br>&#8211; D\u00e9colmatage&nbsp;annuel des zones de fray\u00e8res<br>&#8211; Cr\u00e9ation d&rsquo;une r\u00e9serve et recharge granulom\u00e9trique de celle-ci<br>&#8211; Interdiction totale de conserver une truite fario qui doit etre remise a l&rsquo;eau dans de bonnes conditions<br>&#8211; P\u00eache avec hame\u00e7ons sans ardillon ( ou \u00e9cras\u00e9 )<br>&#8211; Cr\u00e9ation de passages p\u00eacheurs<br>&#8211; Plantation de plantes aquatiques&nbsp;<br>Aujourd&rsquo;hui nous constatons une tr\u00e8s nette am\u00e9lioration de la population en truites fario et une reproduction naturelle en particulier sur les zones recharg\u00e9es en granulats et aussi suite a l&rsquo;arrasement en 2010 du barrage du Pont Fourneau qui a \u00e9t\u00e9 tr\u00e8s b\u00e9n\u00e9fique&nbsp;cette partie de la rivi\u00e8re a repris vie de fa\u00e7on sp\u00e9ctaculaire voici quelques r\u00e9sultats a partir des p\u00eaches \u00e9lectriques effectu\u00e9es dans cette zone sur 60 m\u00e9tres lin\u00e9aire :<\/p>\n\n\n\n<p>&#8211; en 2011 &nbsp; &nbsp; &nbsp; &nbsp; 1 &nbsp;truite fario au 100 m2<\/p>\n\n\n\n<p>&#8211; en 2013 &nbsp; &nbsp; &nbsp; 5 truites fario au 100 m2<\/p>\n\n\n\n<p>&#8211; en 2015 &nbsp; &nbsp; &nbsp; 11 &nbsp;truites fario au 100 m2<\/p>\n\n\n\n<p>&#8211; en 2017 &nbsp; &nbsp; &nbsp; 44 truites fario au 100 m2<\/p>\n\n\n\n<p>&#8211; en 2018 &nbsp; &nbsp; &nbsp; 14 truites fario au 100 m2<\/p>\n\n\n\n<p>&#8211; en 2021 &nbsp; &nbsp; &nbsp; 14 truites fario au 100 m2<\/p>\n\n\n\n<p>Nous avons \u00e9galement constat\u00e9 dans cette zone la pr\u00e9sence de la lamproie de Planer esp\u00e9ce rare et prot\u00e9g\u00e9e.<\/p>\n\n\n\n<p>Aujourd&rsquo;hui nous d\u00e9plorons encore la pr\u00e9sence de plusieurs seuils et barrage qui ne permettent pas la continuit\u00e9 \u00e9cologique sur l&rsquo;ensemble du parcours de notre magnifique rivi\u00e8re.<\/p>\n\n\n\n<p>R\u00e9guli\u00e8rement nous organisons diverses op\u00e9rations pour maintenir et am\u00e9liorer l&rsquo;\u00e9tat de la rivi\u00e8re, venez nous rejoindre vous serez les bienvenues.<\/p>\n\n\n\n<p>En cliquant sur le lien ci-apr\u00e8s vous pouvez voir sur you tube des reportages sur le nettoyage de la rivi\u00e8re, sur les fray\u00e8res colonis\u00e9es par les truites fario et aussi sur l&rsquo;impact de l&rsquo;ouverture d&rsquo;une vanne ayant provoqu\u00e9e de graves d\u00e9gats sur le cours d&rsquo;eau .<\/p>\n\n\n\n<p>&nbsp; &nbsp; &nbsp; &nbsp; &nbsp; &#8230;&#8230;&nbsp;<a href=\"https:\/\/www.youtube.com\/channel\/UC0rRC9K4YPJR2hSHXCJK8bA\">https:\/\/www.youtube.com\/channel\/UC0rRC9K4YPJR2hSHXCJK8bA<\/a><\/p>\n\n\n\n<figure class=\"wp-block-image size-large\"><img loading=\"lazy\" decoding=\"async\" width=\"1024\" height=\"685\" src=\"https:\/\/poissonfarioselle.fr\/wp-content\/uploads\/2024\/03\/imgp1095-2-1024x685.jpg\" alt=\"\" class=\"wp-image-219\" srcset=\"https:\/\/poissonfarioselle.fr\/wp-content\/uploads\/2024\/03\/imgp1095-2-1024x685.jpg 1024w, https:\/\/poissonfarioselle.fr\/wp-content\/uploads\/2024\/03\/imgp1095-2-300x201.jpg 300w, https:\/\/poissonfarioselle.fr\/wp-content\/uploads\/2024\/03\/imgp1095-2-768x514.jpg 768w, https:\/\/poissonfarioselle.fr\/wp-content\/uploads\/2024\/03\/imgp1095-2-1536x1028.jpg 1536w, https:\/\/poissonfarioselle.fr\/wp-content\/uploads\/2024\/03\/imgp1095-2.jpg 1600w\" sizes=\"auto, (max-width: 1024px) 100vw, 1024px\" \/><\/figure>\n\n\n\n<figure class=\"wp-block-image size-large\"><img loading=\"lazy\" decoding=\"async\" width=\"1024\" height=\"766\" src=\"https:\/\/poissonfarioselle.fr\/wp-content\/uploads\/2024\/03\/wp-20151028-006-1024x766.jpg\" alt=\"\" class=\"wp-image-222\" srcset=\"https:\/\/poissonfarioselle.fr\/wp-content\/uploads\/2024\/03\/wp-20151028-006-1024x766.jpg 1024w, https:\/\/poissonfarioselle.fr\/wp-content\/uploads\/2024\/03\/wp-20151028-006-300x224.jpg 300w, https:\/\/poissonfarioselle.fr\/wp-content\/uploads\/2024\/03\/wp-20151028-006-768x574.jpg 768w, https:\/\/poissonfarioselle.fr\/wp-content\/uploads\/2024\/03\/wp-20151028-006.jpg 1439w\" sizes=\"auto, (max-width: 1024px) 100vw, 1024px\" \/><\/figure>\n","protected":false},"excerpt":{"rendered":"<p>Les actions de&nbsp;notre AAPPMA Il y a quelques ann\u00e9es nous avons constat\u00e9 la rar\u00e9faction de la truite sauvage&nbsp;sur notre parcours de Le Cateau et Montay sur la rivi\u00e8re La Selle. &nbsp;Nous avons alors pris conscience que si rien n&rsquo;\u00e9tait fait la fario pouvait&nbsp;dispara\u00eetre, pourtant la rivi\u00e8re offre une eau de qualit\u00e9eet les efforts d&rsquo;une AAPPMA&hellip; <a class=\"more-link\" href=\"https:\/\/poissonfarioselle.fr\/index.php\/les-actions\/\">Poursuivre la lecture <span class=\"screen-reader-text\">Les actions<\/span><\/a><\/p>\n","protected":false},"author":1,"featured_media":0,"parent":0,"menu_order":0,"comment_status":"closed","ping_status":"closed","template":"","meta":{"footnotes":""},"class_list":["post-25","page","type-page","status-publish","hentry","entry"],"_links":{"self":[{"href":"https:\/\/poissonfarioselle.fr\/index.php\/wp-json\/wp\/v2\/pages\/25","targetHints":{"allow":["GET"]}}],"collection":[{"href":"https:\/\/poissonfarioselle.fr\/index.php\/wp-json\/wp\/v2\/pages"}],"about":[{"href":"https:\/\/poissonfarioselle.fr\/index.php\/wp-json\/wp\/v2\/types\/page"}],"author":[{"embeddable":true,"href":"https:\/\/poissonfarioselle.fr\/index.php\/wp-json\/wp\/v2\/users\/1"}],"replies":[{"embeddable":true,"href":"https:\/\/poissonfarioselle.fr\/index.php\/wp-json\/wp\/v2\/comments?post=25"}],"version-history":[{"count":3,"href":"https:\/\/poissonfarioselle.fr\/index.php\/wp-json\/wp\/v2\/pages\/25\/revisions"}],"predecessor-version":[{"id":297,"href":"https:\/\/poissonfarioselle.fr\/index.php\/wp-json\/wp\/v2\/pages\/25\/revisions\/297"}],"wp:attachment":[{"href":"https:\/\/poissonfarioselle.fr\/index.php\/wp-json\/wp\/v2\/media?parent=25"}],"curies":[{"name":"wp","href":"https:\/\/api.w.org\/{rel}","templated":true}]}}