{"id":259,"date":"2024-03-17T14:21:49","date_gmt":"2024-03-17T13:21:49","guid":{"rendered":"https:\/\/poissonfarioselle.fr\/?page_id=259"},"modified":"2024-05-02T11:07:23","modified_gmt":"2024-05-02T09:07:23","slug":"bienvenue-sur-notre-site-la-truite-fario-de-la-selle-2","status":"publish","type":"page","link":"https:\/\/poissonfarioselle.fr\/","title":{"rendered":"Bienvenue sur le site de l&rsquo;AAPPMA              La Sir\u00e8ne                                                   Le Cateau"},"content":{"rendered":"\n<p><\/p>\n\n\n\n<p><\/p>\n\n\n\n<p><\/p>\n\n\n\n<h2 class=\"wp-block-heading\">Bienvenue sur notre site  L&rsquo;AAPPMA La Sir\u00e8ne           Le Cateau 59<\/h2>\n\n\n\n<figure class=\"wp-block-image size-large\"><img loading=\"lazy\" decoding=\"async\" width=\"1024\" height=\"768\" src=\"https:\/\/poissonfarioselle.fr\/wp-content\/uploads\/2024\/03\/20140426-112627-1024x768.jpg\" alt=\"\" class=\"wp-image-224\" srcset=\"https:\/\/poissonfarioselle.fr\/wp-content\/uploads\/2024\/03\/20140426-112627-1024x768.jpg 1024w, https:\/\/poissonfarioselle.fr\/wp-content\/uploads\/2024\/03\/20140426-112627-300x225.jpg 300w, https:\/\/poissonfarioselle.fr\/wp-content\/uploads\/2024\/03\/20140426-112627-768x576.jpg 768w, https:\/\/poissonfarioselle.fr\/wp-content\/uploads\/2024\/03\/20140426-112627-1536x1152.jpg 1536w, https:\/\/poissonfarioselle.fr\/wp-content\/uploads\/2024\/03\/20140426-112627.jpg 1600w\" sizes=\"auto, (max-width: 1024px) 100vw, 1024px\" \/><\/figure>\n\n\n\n<h3 class=\"wp-block-heading\">La Selle<\/h3>\n\n\n\n<p>La rivi\u00e8re la selle de 46kms class\u00e9e en premi\u00e8re cat\u00e9gorie piscicole prend sa source \u00e0 Molain 02 et se jette dans l&rsquo;Escaut<\/p>\n","protected":false},"excerpt":{"rendered":"<p>Bienvenue sur notre site L&rsquo;AAPPMA La Sir\u00e8ne Le Cateau 59 La Selle La rivi\u00e8re la selle de 46kms class\u00e9e en premi\u00e8re cat\u00e9gorie piscicole prend sa source \u00e0 Molain 02 et se jette dans l&rsquo;Escaut<\/p>\n","protected":false},"author":1,"featured_media":0,"parent":0,"menu_order":0,"comment_status":"closed","ping_status":"closed","template":"","meta":{"footnotes":""},"class_list":["post-259","page","type-page","status-publish","hentry","entry"],"_links":{"self":[{"href":"https:\/\/poissonfarioselle.fr\/index.php\/wp-json\/wp\/v2\/pages\/259","targetHints":{"allow":["GET"]}}],"collection":[{"href":"https:\/\/poissonfarioselle.fr\/index.php\/wp-json\/wp\/v2\/pages"}],"about":[{"href":"https:\/\/poissonfarioselle.fr\/index.php\/wp-json\/wp\/v2\/types\/page"}],"author":[{"embeddable":true,"href":"https:\/\/poissonfarioselle.fr\/index.php\/wp-json\/wp\/v2\/users\/1"}],"replies":[{"embeddable":true,"href":"https:\/\/poissonfarioselle.fr\/index.php\/wp-json\/wp\/v2\/comments?post=259"}],"version-history":[{"count":11,"href":"https:\/\/poissonfarioselle.fr\/index.php\/wp-json\/wp\/v2\/pages\/259\/revisions"}],"predecessor-version":[{"id":328,"href":"https:\/\/poissonfarioselle.fr\/index.php\/wp-json\/wp\/v2\/pages\/259\/revisions\/328"}],"wp:attachment":[{"href":"https:\/\/poissonfarioselle.fr\/index.php\/wp-json\/wp\/v2\/media?parent=259"}],"curies":[{"name":"wp","href":"https:\/\/api.w.org\/{rel}","templated":true}]}}