{"id":27,"date":"2024-03-17T13:31:58","date_gmt":"2024-03-17T12:31:58","guid":{"rendered":"https:\/\/poissonfarioselle.fr\/?page_id=27"},"modified":"2026-02-24T10:49:03","modified_gmt":"2026-02-24T09:49:03","slug":"le-canal-de-la-sambre","status":"publish","type":"page","link":"https:\/\/poissonfarioselle.fr\/index.php\/le-canal-de-la-sambre\/","title":{"rendered":"Le Canal de la Sambre"},"content":{"rendered":"\n<p><\/p>\n\n\n\n<p><img decoding=\"async\" src=\"_media\/img\/medium\/20170604-174819-copie.jpg\" srcset=\"_media\/img\/large\/20170604-174819-copie.jpg 1.33x,_media\/img\/xlarge\/20170604-174819-copie.jpg 2.08x\" alt=\"\"><\/p>\n\n\n\n<p><\/p>\n\n\n\n<p>Notre association g\u00e9re \u00e9galement les droits de p\u00eache sur un lot de deuxi\u00e8me cat\u00e9gorie du domaine public situ\u00e9 entre le pont de Catillon sur Sambre et la&nbsp;limite&nbsp;entre les communes de Ors et Landrecies dans le d\u00e9partement du Nord &nbsp;59. &nbsp; &nbsp; &nbsp; &nbsp; &nbsp; &nbsp; &nbsp; &nbsp; &nbsp; &nbsp; &nbsp; &nbsp; &nbsp; &nbsp; &nbsp; &nbsp; &nbsp; &nbsp; &nbsp; Les esp\u00e8ces dominantes sont le gardon, la br\u00e8me, la perche, le brochet, ainsi que le sandre. &nbsp; &nbsp; &nbsp; &nbsp; &nbsp; &nbsp; &nbsp; &nbsp; &nbsp; &nbsp; &nbsp; &nbsp; &nbsp; &nbsp; &nbsp; &nbsp;&nbsp;<\/p>\n\n\n\n<p>Nous proc\u00e9dons annuellement&nbsp;\u00e0&nbsp;un&nbsp;rempoissonnement&nbsp;de fingerlings ( brochetons&nbsp;de l&rsquo;ann\u00e9e ) produit dans l&rsquo;\u00e9sociculture et offert par la f\u00e9d\u00e9rartion de p\u00eache du nord .<\/p>\n\n\n\n<p>&nbsp;Des belles prises nous sont rapport\u00e9es !<\/p>\n\n\n\n<figure class=\"wp-block-image size-large\"><img loading=\"lazy\" decoding=\"async\" width=\"1024\" height=\"575\" src=\"https:\/\/poissonfarioselle.fr\/wp-content\/uploads\/2024\/03\/20170604-155545-copie-1024x575.jpg\" alt=\"\" class=\"wp-image-242\" srcset=\"https:\/\/poissonfarioselle.fr\/wp-content\/uploads\/2024\/03\/20170604-155545-copie-1024x575.jpg 1024w, https:\/\/poissonfarioselle.fr\/wp-content\/uploads\/2024\/03\/20170604-155545-copie-300x169.jpg 300w, https:\/\/poissonfarioselle.fr\/wp-content\/uploads\/2024\/03\/20170604-155545-copie-768x432.jpg 768w, https:\/\/poissonfarioselle.fr\/wp-content\/uploads\/2024\/03\/20170604-155545-copie-1536x863.jpg 1536w, https:\/\/poissonfarioselle.fr\/wp-content\/uploads\/2024\/03\/20170604-155545-copie-800x450.jpg 800w, https:\/\/poissonfarioselle.fr\/wp-content\/uploads\/2024\/03\/20170604-155545-copie.jpg 1600w\" sizes=\"auto, (max-width: 1024px) 100vw, 1024px\" \/><\/figure>\n\n\n\n<figure class=\"wp-block-image size-large\"><img loading=\"lazy\" decoding=\"async\" width=\"1024\" height=\"576\" src=\"https:\/\/poissonfarioselle.fr\/wp-content\/uploads\/2024\/03\/20170604-174819-copie-1024x576.jpg\" alt=\"\" class=\"wp-image-243\" srcset=\"https:\/\/poissonfarioselle.fr\/wp-content\/uploads\/2024\/03\/20170604-174819-copie-1024x576.jpg 1024w, https:\/\/poissonfarioselle.fr\/wp-content\/uploads\/2024\/03\/20170604-174819-copie-300x169.jpg 300w, https:\/\/poissonfarioselle.fr\/wp-content\/uploads\/2024\/03\/20170604-174819-copie-768x432.jpg 768w, https:\/\/poissonfarioselle.fr\/wp-content\/uploads\/2024\/03\/20170604-174819-copie-1536x864.jpg 1536w, https:\/\/poissonfarioselle.fr\/wp-content\/uploads\/2024\/03\/20170604-174819-copie-800x450.jpg 800w, https:\/\/poissonfarioselle.fr\/wp-content\/uploads\/2024\/03\/20170604-174819-copie.jpg 1600w\" sizes=\"auto, (max-width: 1024px) 100vw, 1024px\" \/><\/figure>\n","protected":false},"excerpt":{"rendered":"<p>Notre association g\u00e9re \u00e9galement les droits de p\u00eache sur un lot de deuxi\u00e8me cat\u00e9gorie du domaine public situ\u00e9 entre le pont de Catillon sur Sambre et la&nbsp;limite&nbsp;entre les communes de Ors et Landrecies dans le d\u00e9partement du Nord &nbsp;59. &nbsp; &nbsp; &nbsp; &nbsp; &nbsp; &nbsp; &nbsp; &nbsp; &nbsp; &nbsp; &nbsp; &nbsp; &nbsp; &nbsp; &nbsp; &nbsp;&hellip; <a class=\"more-link\" href=\"https:\/\/poissonfarioselle.fr\/index.php\/le-canal-de-la-sambre\/\">Poursuivre la lecture <span class=\"screen-reader-text\">Le Canal de la Sambre<\/span><\/a><\/p>\n","protected":false},"author":1,"featured_media":0,"parent":0,"menu_order":0,"comment_status":"closed","ping_status":"closed","template":"","meta":{"footnotes":""},"class_list":["post-27","page","type-page","status-publish","hentry","entry"],"_links":{"self":[{"href":"https:\/\/poissonfarioselle.fr\/index.php\/wp-json\/wp\/v2\/pages\/27","targetHints":{"allow":["GET"]}}],"collection":[{"href":"https:\/\/poissonfarioselle.fr\/index.php\/wp-json\/wp\/v2\/pages"}],"about":[{"href":"https:\/\/poissonfarioselle.fr\/index.php\/wp-json\/wp\/v2\/types\/page"}],"author":[{"embeddable":true,"href":"https:\/\/poissonfarioselle.fr\/index.php\/wp-json\/wp\/v2\/users\/1"}],"replies":[{"embeddable":true,"href":"https:\/\/poissonfarioselle.fr\/index.php\/wp-json\/wp\/v2\/comments?post=27"}],"version-history":[{"count":6,"href":"https:\/\/poissonfarioselle.fr\/index.php\/wp-json\/wp\/v2\/pages\/27\/revisions"}],"predecessor-version":[{"id":340,"href":"https:\/\/poissonfarioselle.fr\/index.php\/wp-json\/wp\/v2\/pages\/27\/revisions\/340"}],"wp:attachment":[{"href":"https:\/\/poissonfarioselle.fr\/index.php\/wp-json\/wp\/v2\/media?parent=27"}],"curies":[{"name":"wp","href":"https:\/\/api.w.org\/{rel}","templated":true}]}}